{"id":460,"date":"2026-03-02T22:45:45","date_gmt":"2026-03-02T21:45:45","guid":{"rendered":"https:\/\/www.galeriedeparis.com\/Welcome\/?post_type=product&#038;p=460"},"modified":"2026-03-02T23:20:20","modified_gmt":"2026-03-02T22:20:20","slug":"cent-vues-de-paris-100-views-of-paris-in-lithography-%e3%82%a2%e3%82%ab%e3%82%ae%e3%81%ae%e7%89%88%e7%94%bb%e3%83%91%e3%83%aa%e7%99%be%e6%99%af","status":"publish","type":"product","link":"https:\/\/www.galeriedeparis.com\/Welcome\/produit\/cent-vues-de-paris-100-views-of-paris-in-lithography-%e3%82%a2%e3%82%ab%e3%82%ae%e3%81%ae%e7%89%88%e7%94%bb%e3%83%91%e3%83%aa%e7%99%be%e6%99%af\/","title":{"rendered":"Cent vues de Paris \/ 100 views of Paris in lithography \/ \u30a2\u30ab\u30ae\u306e\u7248\u753b\u30d1\u30ea\u767e\u666f"},"content":{"rendered":"<h2>Cent vues de Paris<\/h2>\n<p>Cet album pr\u00e9sente 100 vues de Paris, que j\u2019ai r\u00e9alis\u00e9es dans le cadre de mon travail d\u2019estampes.<br \/>\nCette deuxi\u00e8me \u00e9dition contient en fait 105 illustrations, dont chacune est comment\u00e9e par<br \/>\nune note que j\u2019ai r\u00e9dig\u00e9e \u00e0 l\u2019attention des collectionneurs du Paris d\u2019AKAGI. Certains m\u2019ont dit que<br \/>\nce recueil pouvait constituer un tr\u00e8s bon guide sur Paris, mais mon id\u00e9e n\u2019est pas du tout de faire<br \/>\nun guide !<br \/>\nJe con\u00e7ois ce recueil davantage comme les m\u00e9moires d\u2019un Japonais \u00e0 Paris en 2014, retrac\u00e9es sous forme de 100 vues de la capitale. La traduction peut \u00eatre en anglais ou en fran\u00e7ais, mais je souhaite que l\u2019original en japonais figure en dessous.<\/p>\n<h2>100 views of Paris in lithography<\/h2>\n<p>This book contains my special selection of 100 views of Paris in lithography.<br \/>\nThe selection was made by myself from my completed works and may therefore be<br \/>\nregarded as my specially edited private collection.<br \/>\nI have almost 500 original drawings of Paris after my 40 years of work. The<br \/>\n100 prints I selected for this book were taken from over 100 prints of those 500<br \/>\ndrawings. I did not print them especially for this book like Hiroshige\u2019s \u201c100 famous<br \/>\nviews of Edo\u201d or Hokusai\u2019s \u201c100 famous views of Mount Fuji\u201d so the title of this<br \/>\nbook may not be appropriate perhaps. This book is rather like a series of notes<br \/>\nstating why I printed these particular views. I hope this book will be appreciated<br \/>\nby those who collect my work.<\/p>\n<h2>\u30a2\u30ab\u30ae\u306e\u7248\u753b\u30d1\u30ea\u767e\u666f<\/h2>\n<p>\u30d1\u30ea\u306e\u540d\u6240\u3092\u7248\u753b\u306b\u3057\u3066\u767e\u666f\u96c6\u3081\u305f\u306e\u3067\u306f\u306a\u3044\u3001\u4eca\u307e\u3067\u308f\u305f\u304f\u3057\u306e\u5236\u4f5c\u3057\u305f\u30d1<br \/>\n\u30ea\u7248\u753b\u306e\u4e2d\u304b\u3089\u3001\u767e\u666f\u3092\u9078\u3093\u3067\u96c6\u3081\u305f\u3054\u304f\u79c1\u5bb6\u7248\u7684\u306a\u3082\u306e\u304c\u3001\u3053\u306e\u672c\u3067\u3042\u308b\u3002<br \/>\n\u6bce\u65e5\u3001\u5e38\u65e5\u9803\u7d9a\u3051\u3066\u56db\u5341\u5e74\u9593\u3067\u4e94\u767e\u679a\u8fd1\u304f\u306a\u3063\u305f\u3001\u30d1\u30ea\u306e\u8857\u89d2\u306e\u7d20\u63cf\u539f\u753b\u306e<br \/>\n\u4e2d\u304b\u3089\u3001\u7248\u753b\u306b\u5236\u4f5c\u3057\u305f\u3082\u306e\u304c\u767e\u679a\u4ee5\u4e0a\u3042\u3063\u3066\u3001\u305d\u306e\u4e2d\u304b\u3089\u9078\u3093\u3060\u306e\u3067\u3001\u5e83\u91cd\u6c5f<br \/>\n\u6238\u767e\u666f\u3068\u304b\u3001\u5317\u658e\u306e\u5bcc\u5dbd\u767e\u666f\u306e\u30b7\u30ea\u30fc\u30ba\u306e\u3088\u3046\u306a\u3001\u305d\u306e\u305f\u3081\u306b\u6539\u3081\u3066\u7248\u753b\u5236\u4f5c\u3057<br \/>\n\u305f\u3082\u306e\u3067\u306f\u306a\u3044\u304b\u3089\u3001\u3053\u3046\u3044\u3046\u984c\u540d\u306f\u9069\u5f53\u3067\u306a\u3044\u306e\u304b\u3082\u77e5\u308c\u306a\u3044\u304c\u3001\u9060\u3044\u5916\u56fd\u306e<br \/>\n\u3053\u306e\u90fd\u4f1a\u3092\u3001\u4f55\u6545\u3053\u306e\u8857\u89d2\u3092\u7248\u753b\u306b\u3057\u305f\u306e\u304b\u3001\u30e1\u30e2\u5e16\u306e\u3088\u3046\u306a\u3082\u306e\u3067\u3042\u308b\u3002\u304d\u3063\u3068<br \/>\n\u30b3\u30ec\u30af\u30bf\u30fc\u306e\u307f\u306a\u3055\u3093\u304c\u3001\u4fbf\u5229\u3067\u3044\u3061\u3070\u3093\u559c\u3093\u3067\u304f\u3060\u3055\u308b\u3068\u601d\u3046\u3002<\/p>\n<p>CENT_VUES_2019<\/p>\n<p><img loading=\"lazy\" decoding=\"async\" class=\"alignnone size-medium wp-image-462\" src=\"https:\/\/www.galeriedeparis.com\/Welcome\/wp-content\/uploads\/2026\/03\/AKA_201904_Livre_IMG_6688_350p-300x273.jpg\" alt=\"\" width=\"300\" height=\"273\" srcset=\"https:\/\/www.galeriedeparis.com\/Welcome\/wp-content\/uploads\/2026\/03\/AKA_201904_Livre_IMG_6688_350p-300x273.jpg 300w, https:\/\/www.galeriedeparis.com\/Welcome\/wp-content\/uploads\/2026\/03\/AKA_201904_Livre_IMG_6688_350p.jpg 350w\" sizes=\"auto, (max-width: 300px) 100vw, 300px\" \/>\u00a0 \u00a0<img loading=\"lazy\" decoding=\"async\" class=\"alignnone size-medium wp-image-464\" src=\"https:\/\/www.galeriedeparis.com\/Welcome\/wp-content\/uploads\/2026\/03\/AKA_201904_Livre_IMG_6676-225x300.jpeg\" alt=\"\" width=\"225\" height=\"300\" srcset=\"https:\/\/www.galeriedeparis.com\/Welcome\/wp-content\/uploads\/2026\/03\/AKA_201904_Livre_IMG_6676-225x300.jpeg 225w, https:\/\/www.galeriedeparis.com\/Welcome\/wp-content\/uploads\/2026\/03\/AKA_201904_Livre_IMG_6676-rotated-600x800.jpeg 600w, https:\/\/www.galeriedeparis.com\/Welcome\/wp-content\/uploads\/2026\/03\/AKA_201904_Livre_IMG_6676-768x1024.jpeg 768w, https:\/\/www.galeriedeparis.com\/Welcome\/wp-content\/uploads\/2026\/03\/AKA_201904_Livre_IMG_6676-rotated.jpeg 960w\" sizes=\"auto, (max-width: 225px) 100vw, 225px\" \/><\/p>\n","protected":false},"excerpt":{"rendered":"<p>Cent vues de Paris \/ 100 views of Paris in lithography \/ \u30a2\u30ab\u30ae\u306e\u7248\u753b\u30d1\u30ea\u767e\u666f<\/p>\n","protected":false},"featured_media":461,"template":"","meta":[],"product_brand":[104],"product_cat":[69,144],"product_tag":[154,163,156,129,159,157,161,158,162,74,160,155],"class_list":{"0":"post-460","1":"product","2":"type-product","3":"status-publish","4":"has-post-thumbnail","6":"product_brand-akagi","7":"product_cat-akagi-kojiro","8":"product_cat-livres","9":"product_tag-100-views-of-paris-in-lithography","10":"product_tag-100-vues-de-la-capitale","11":"product_tag-100-vues-de-paris","12":"product_tag-cent-vues-de-paris","13":"product_tag-collectionneurs","14":"product_tag-estampes","15":"product_tag-guide-sur-paris","16":"product_tag-illustrations","17":"product_tag-memoires-dun-japonais-a-paris","18":"product_tag-paris","19":"product_tag-paris-dakagi","20":"product_tag-155","22":"first","23":"outofstock","24":"taxable","25":"shipping-taxable","26":"purchasable","27":"product-type-simple"},"yoast_head":"<!-- This site is optimized with the Yoast SEO plugin v27.5 - https:\/\/yoast.com\/product\/yoast-seo-wordpress\/ -->\n<title>Cent vues de Paris \/ 100 views of Paris in lithography \/ \u30a2\u30ab\u30ae\u306e\u7248\u753b\u30d1\u30ea\u767e\u666f - Galerie de Paris \u00a9<\/title>\n<meta name=\"description\" content=\"Cet album pr\u00e9sente 100 vues de Paris, que j\u2019ai r\u00e9alis\u00e9es dans le cadre de mon travail d\u2019es-tampes.\u00a0Cette deuxi\u00e8me \u00e9dition contient en fait 105 illustrations, dont chacune est comment\u00e9e parune note que j\u2019ai r\u00e9dig\u00e9e \u00e0 l\u2019attention des collectionneurs du Paris d\u2019AKAGI. Certains m\u2019ont dit quece recueil pouvait constituer un tr\u00e8s bon guide sur Paris, mais mon id\u00e9e n\u2019est pas du tout de faireun guide !\" \/>\n<meta name=\"robots\" content=\"index, follow, max-snippet:-1, max-image-preview:large, max-video-preview:-1\" \/>\n<link rel=\"canonical\" href=\"https:\/\/www.galeriedeparis.com\/Welcome\/produit\/cent-vues-de-paris-100-views-of-paris-in-lithography-\u30a2\u30ab\u30ae\u306e\u7248\u753b\u30d1\u30ea\u767e\u666f\/\" \/>\n<meta property=\"og:locale\" content=\"fr_FR\" \/>\n<meta property=\"og:type\" content=\"article\" \/>\n<meta property=\"og:title\" content=\"Cent vues de Paris \/ 100 views of Paris in lithography \/ \u30a2\u30ab\u30ae\u306e\u7248\u753b\u30d1\u30ea\u767e\u666f - Galerie de Paris \u00a9\" \/>\n<meta property=\"og:description\" content=\"Cet album pr\u00e9sente 100 vues de Paris, que j\u2019ai r\u00e9alis\u00e9es dans le cadre de mon travail d\u2019es-tampes.\u00a0Cette deuxi\u00e8me \u00e9dition contient en fait 105 illustrations, dont chacune est comment\u00e9e parune note que j\u2019ai r\u00e9dig\u00e9e \u00e0 l\u2019attention des collectionneurs du Paris d\u2019AKAGI. Certains m\u2019ont dit quece recueil pouvait constituer un tr\u00e8s bon guide sur Paris, mais mon id\u00e9e n\u2019est pas du tout de faireun guide !\" \/>\n<meta property=\"og:url\" content=\"https:\/\/www.galeriedeparis.com\/Welcome\/produit\/cent-vues-de-paris-100-views-of-paris-in-lithography-\u30a2\u30ab\u30ae\u306e\u7248\u753b\u30d1\u30ea\u767e\u666f\/\" \/>\n<meta property=\"og:site_name\" content=\"Galerie de Paris \u00a9\" \/>\n<meta property=\"article:publisher\" content=\"https:\/\/www.facebook.com\/GalerieDeParisAuVillageSuisse\/\" \/>\n<meta property=\"article:modified_time\" content=\"2026-03-02T22:20:20+00:00\" \/>\n<meta property=\"og:image\" content=\"https:\/\/www.galeriedeparis.com\/Welcome\/wp-content\/uploads\/2026\/03\/Cent-vues-de-Paris-2019-Kojiro-Akagi-Couverture.jpg\" \/>\n\t<meta property=\"og:image:width\" content=\"961\" \/>\n\t<meta property=\"og:image:height\" content=\"974\" \/>\n\t<meta property=\"og:image:type\" content=\"image\/jpeg\" \/>\n<meta name=\"twitter:card\" content=\"summary_large_image\" \/>\n<meta name=\"twitter:label1\" content=\"Dur\u00e9e de lecture estim\u00e9e\" \/>\n\t<meta name=\"twitter:data1\" content=\"2 minutes\" \/>\n<script type=\"application\/ld+json\" class=\"yoast-schema-graph\">{\"@context\":\"https:\\\/\\\/schema.org\",\"@graph\":[{\"@type\":\"WebPage\",\"@id\":\"https:\\\/\\\/www.galeriedeparis.com\\\/Welcome\\\/produit\\\/cent-vues-de-paris-100-views-of-paris-in-lithography-%e3%82%a2%e3%82%ab%e3%82%ae%e3%81%ae%e7%89%88%e7%94%bb%e3%83%91%e3%83%aa%e7%99%be%e6%99%af\\\/\",\"url\":\"https:\\\/\\\/www.galeriedeparis.com\\\/Welcome\\\/produit\\\/cent-vues-de-paris-100-views-of-paris-in-lithography-%e3%82%a2%e3%82%ab%e3%82%ae%e3%81%ae%e7%89%88%e7%94%bb%e3%83%91%e3%83%aa%e7%99%be%e6%99%af\\\/\",\"name\":\"Cent vues de Paris \\\/ 100 views of Paris in lithography \\\/ \u30a2\u30ab\u30ae\u306e\u7248\u753b\u30d1\u30ea\u767e\u666f - Galerie de Paris \u00a9\",\"isPartOf\":{\"@id\":\"https:\\\/\\\/www.galeriedeparis.com\\\/Welcome\\\/#website\"},\"primaryImageOfPage\":{\"@id\":\"https:\\\/\\\/www.galeriedeparis.com\\\/Welcome\\\/produit\\\/cent-vues-de-paris-100-views-of-paris-in-lithography-%e3%82%a2%e3%82%ab%e3%82%ae%e3%81%ae%e7%89%88%e7%94%bb%e3%83%91%e3%83%aa%e7%99%be%e6%99%af\\\/#primaryimage\"},\"image\":{\"@id\":\"https:\\\/\\\/www.galeriedeparis.com\\\/Welcome\\\/produit\\\/cent-vues-de-paris-100-views-of-paris-in-lithography-%e3%82%a2%e3%82%ab%e3%82%ae%e3%81%ae%e7%89%88%e7%94%bb%e3%83%91%e3%83%aa%e7%99%be%e6%99%af\\\/#primaryimage\"},\"thumbnailUrl\":\"https:\\\/\\\/www.galeriedeparis.com\\\/Welcome\\\/wp-content\\\/uploads\\\/2026\\\/03\\\/Cent-vues-de-Paris-2019-Kojiro-Akagi-Couverture.jpg\",\"datePublished\":\"2026-03-02T21:45:45+00:00\",\"dateModified\":\"2026-03-02T22:20:20+00:00\",\"description\":\"Cet album pr\u00e9sente 100 vues de Paris, que j\u2019ai r\u00e9alis\u00e9es dans le cadre de mon travail d\u2019es-tampes.\u00a0Cette deuxi\u00e8me \u00e9dition contient en fait 105 illustrations, dont chacune est comment\u00e9e parune note que j\u2019ai r\u00e9dig\u00e9e \u00e0 l\u2019attention des collectionneurs du Paris d\u2019AKAGI. Certains m\u2019ont dit quece recueil pouvait constituer un tr\u00e8s bon guide sur Paris, mais mon id\u00e9e n\u2019est pas du tout de faireun guide !\",\"breadcrumb\":{\"@id\":\"https:\\\/\\\/www.galeriedeparis.com\\\/Welcome\\\/produit\\\/cent-vues-de-paris-100-views-of-paris-in-lithography-%e3%82%a2%e3%82%ab%e3%82%ae%e3%81%ae%e7%89%88%e7%94%bb%e3%83%91%e3%83%aa%e7%99%be%e6%99%af\\\/#breadcrumb\"},\"inLanguage\":\"fr-FR\",\"potentialAction\":[{\"@type\":\"ReadAction\",\"target\":[\"https:\\\/\\\/www.galeriedeparis.com\\\/Welcome\\\/produit\\\/cent-vues-de-paris-100-views-of-paris-in-lithography-%e3%82%a2%e3%82%ab%e3%82%ae%e3%81%ae%e7%89%88%e7%94%bb%e3%83%91%e3%83%aa%e7%99%be%e6%99%af\\\/\"]}]},{\"@type\":\"ImageObject\",\"inLanguage\":\"fr-FR\",\"@id\":\"https:\\\/\\\/www.galeriedeparis.com\\\/Welcome\\\/produit\\\/cent-vues-de-paris-100-views-of-paris-in-lithography-%e3%82%a2%e3%82%ab%e3%82%ae%e3%81%ae%e7%89%88%e7%94%bb%e3%83%91%e3%83%aa%e7%99%be%e6%99%af\\\/#primaryimage\",\"url\":\"https:\\\/\\\/www.galeriedeparis.com\\\/Welcome\\\/wp-content\\\/uploads\\\/2026\\\/03\\\/Cent-vues-de-Paris-2019-Kojiro-Akagi-Couverture.jpg\",\"contentUrl\":\"https:\\\/\\\/www.galeriedeparis.com\\\/Welcome\\\/wp-content\\\/uploads\\\/2026\\\/03\\\/Cent-vues-de-Paris-2019-Kojiro-Akagi-Couverture.jpg\",\"width\":961,\"height\":974},{\"@type\":\"BreadcrumbList\",\"@id\":\"https:\\\/\\\/www.galeriedeparis.com\\\/Welcome\\\/produit\\\/cent-vues-de-paris-100-views-of-paris-in-lithography-%e3%82%a2%e3%82%ab%e3%82%ae%e3%81%ae%e7%89%88%e7%94%bb%e3%83%91%e3%83%aa%e7%99%be%e6%99%af\\\/#breadcrumb\",\"itemListElement\":[{\"@type\":\"ListItem\",\"position\":1,\"name\":\"Accueil\",\"item\":\"https:\\\/\\\/www.galeriedeparis.com\\\/Welcome\\\/\"},{\"@type\":\"ListItem\",\"position\":2,\"name\":\"Boutique\",\"item\":\"https:\\\/\\\/www.galeriedeparis.com\\\/Welcome\\\/boutique\\\/\"},{\"@type\":\"ListItem\",\"position\":3,\"name\":\"Cent vues de Paris \\\/ 100 views of Paris in lithography \\\/ \u30a2\u30ab\u30ae\u306e\u7248\u753b\u30d1\u30ea\u767e\u666f\"}]},{\"@type\":\"WebSite\",\"@id\":\"https:\\\/\\\/www.galeriedeparis.com\\\/Welcome\\\/#website\",\"url\":\"https:\\\/\\\/www.galeriedeparis.com\\\/Welcome\\\/\",\"name\":\"Galerie de Paris \u00a9\",\"description\":\"Les plus belles oeuvres sur Paris se trouvent \u00e0 la Galerie de Paris \u00a9 !\",\"publisher\":{\"@id\":\"https:\\\/\\\/www.galeriedeparis.com\\\/Welcome\\\/#organization\"},\"potentialAction\":[{\"@type\":\"SearchAction\",\"target\":{\"@type\":\"EntryPoint\",\"urlTemplate\":\"https:\\\/\\\/www.galeriedeparis.com\\\/Welcome\\\/?s={search_term_string}\"},\"query-input\":{\"@type\":\"PropertyValueSpecification\",\"valueRequired\":true,\"valueName\":\"search_term_string\"}}],\"inLanguage\":\"fr-FR\"},{\"@type\":\"Organization\",\"@id\":\"https:\\\/\\\/www.galeriedeparis.com\\\/Welcome\\\/#organization\",\"name\":\"Galerie de Paris \u00a9\",\"url\":\"https:\\\/\\\/www.galeriedeparis.com\\\/Welcome\\\/\",\"logo\":{\"@type\":\"ImageObject\",\"inLanguage\":\"fr-FR\",\"@id\":\"https:\\\/\\\/www.galeriedeparis.com\\\/Welcome\\\/#\\\/schema\\\/logo\\\/image\\\/\",\"url\":\"https:\\\/\\\/www.galeriedeparis.com\\\/Welcome\\\/wp-content\\\/uploads\\\/2022\\\/03\\\/cropped-937A1B47-87A3-4339-B63B-6F00ACC81F2A-1.jpg\",\"contentUrl\":\"https:\\\/\\\/www.galeriedeparis.com\\\/Welcome\\\/wp-content\\\/uploads\\\/2022\\\/03\\\/cropped-937A1B47-87A3-4339-B63B-6F00ACC81F2A-1.jpg\",\"width\":478,\"height\":191,\"caption\":\"Galerie de Paris \u00a9\"},\"image\":{\"@id\":\"https:\\\/\\\/www.galeriedeparis.com\\\/Welcome\\\/#\\\/schema\\\/logo\\\/image\\\/\"},\"sameAs\":[\"https:\\\/\\\/www.facebook.com\\\/GalerieDeParisAuVillageSuisse\\\/\"]}]}<\/script>\n<!-- \/ Yoast SEO plugin. -->","yoast_head_json":{"title":"Cent vues de Paris \/ 100 views of Paris in lithography \/ \u30a2\u30ab\u30ae\u306e\u7248\u753b\u30d1\u30ea\u767e\u666f - Galerie de Paris \u00a9","description":"Cet album pr\u00e9sente 100 vues de Paris, que j\u2019ai r\u00e9alis\u00e9es dans le cadre de mon travail d\u2019es-tampes.\u00a0Cette deuxi\u00e8me \u00e9dition contient en fait 105 illustrations, dont chacune est comment\u00e9e parune note que j\u2019ai r\u00e9dig\u00e9e \u00e0 l\u2019attention des collectionneurs du Paris d\u2019AKAGI. Certains m\u2019ont dit quece recueil pouvait constituer un tr\u00e8s bon guide sur Paris, mais mon id\u00e9e n\u2019est pas du tout de faireun guide !","robots":{"index":"index","follow":"follow","max-snippet":"max-snippet:-1","max-image-preview":"max-image-preview:large","max-video-preview":"max-video-preview:-1"},"canonical":"https:\/\/www.galeriedeparis.com\/Welcome\/produit\/cent-vues-de-paris-100-views-of-paris-in-lithography-\u30a2\u30ab\u30ae\u306e\u7248\u753b\u30d1\u30ea\u767e\u666f\/","og_locale":"fr_FR","og_type":"article","og_title":"Cent vues de Paris \/ 100 views of Paris in lithography \/ \u30a2\u30ab\u30ae\u306e\u7248\u753b\u30d1\u30ea\u767e\u666f - Galerie de Paris \u00a9","og_description":"Cet album pr\u00e9sente 100 vues de Paris, que j\u2019ai r\u00e9alis\u00e9es dans le cadre de mon travail d\u2019es-tampes.\u00a0Cette deuxi\u00e8me \u00e9dition contient en fait 105 illustrations, dont chacune est comment\u00e9e parune note que j\u2019ai r\u00e9dig\u00e9e \u00e0 l\u2019attention des collectionneurs du Paris d\u2019AKAGI. Certains m\u2019ont dit quece recueil pouvait constituer un tr\u00e8s bon guide sur Paris, mais mon id\u00e9e n\u2019est pas du tout de faireun guide !","og_url":"https:\/\/www.galeriedeparis.com\/Welcome\/produit\/cent-vues-de-paris-100-views-of-paris-in-lithography-\u30a2\u30ab\u30ae\u306e\u7248\u753b\u30d1\u30ea\u767e\u666f\/","og_site_name":"Galerie de Paris \u00a9","article_publisher":"https:\/\/www.facebook.com\/GalerieDeParisAuVillageSuisse\/","article_modified_time":"2026-03-02T22:20:20+00:00","og_image":[{"width":961,"height":974,"url":"https:\/\/www.galeriedeparis.com\/Welcome\/wp-content\/uploads\/2026\/03\/Cent-vues-de-Paris-2019-Kojiro-Akagi-Couverture.jpg","type":"image\/jpeg"}],"twitter_card":"summary_large_image","twitter_misc":{"Dur\u00e9e de lecture estim\u00e9e":"2 minutes"},"schema":{"@context":"https:\/\/schema.org","@graph":[{"@type":"WebPage","@id":"https:\/\/www.galeriedeparis.com\/Welcome\/produit\/cent-vues-de-paris-100-views-of-paris-in-lithography-%e3%82%a2%e3%82%ab%e3%82%ae%e3%81%ae%e7%89%88%e7%94%bb%e3%83%91%e3%83%aa%e7%99%be%e6%99%af\/","url":"https:\/\/www.galeriedeparis.com\/Welcome\/produit\/cent-vues-de-paris-100-views-of-paris-in-lithography-%e3%82%a2%e3%82%ab%e3%82%ae%e3%81%ae%e7%89%88%e7%94%bb%e3%83%91%e3%83%aa%e7%99%be%e6%99%af\/","name":"Cent vues de Paris \/ 100 views of Paris in lithography \/ \u30a2\u30ab\u30ae\u306e\u7248\u753b\u30d1\u30ea\u767e\u666f - Galerie de Paris \u00a9","isPartOf":{"@id":"https:\/\/www.galeriedeparis.com\/Welcome\/#website"},"primaryImageOfPage":{"@id":"https:\/\/www.galeriedeparis.com\/Welcome\/produit\/cent-vues-de-paris-100-views-of-paris-in-lithography-%e3%82%a2%e3%82%ab%e3%82%ae%e3%81%ae%e7%89%88%e7%94%bb%e3%83%91%e3%83%aa%e7%99%be%e6%99%af\/#primaryimage"},"image":{"@id":"https:\/\/www.galeriedeparis.com\/Welcome\/produit\/cent-vues-de-paris-100-views-of-paris-in-lithography-%e3%82%a2%e3%82%ab%e3%82%ae%e3%81%ae%e7%89%88%e7%94%bb%e3%83%91%e3%83%aa%e7%99%be%e6%99%af\/#primaryimage"},"thumbnailUrl":"https:\/\/www.galeriedeparis.com\/Welcome\/wp-content\/uploads\/2026\/03\/Cent-vues-de-Paris-2019-Kojiro-Akagi-Couverture.jpg","datePublished":"2026-03-02T21:45:45+00:00","dateModified":"2026-03-02T22:20:20+00:00","description":"Cet album pr\u00e9sente 100 vues de Paris, que j\u2019ai r\u00e9alis\u00e9es dans le cadre de mon travail d\u2019es-tampes.\u00a0Cette deuxi\u00e8me \u00e9dition contient en fait 105 illustrations, dont chacune est comment\u00e9e parune note que j\u2019ai r\u00e9dig\u00e9e \u00e0 l\u2019attention des collectionneurs du Paris d\u2019AKAGI. Certains m\u2019ont dit quece recueil pouvait constituer un tr\u00e8s bon guide sur Paris, mais mon id\u00e9e n\u2019est pas du tout de faireun guide !","breadcrumb":{"@id":"https:\/\/www.galeriedeparis.com\/Welcome\/produit\/cent-vues-de-paris-100-views-of-paris-in-lithography-%e3%82%a2%e3%82%ab%e3%82%ae%e3%81%ae%e7%89%88%e7%94%bb%e3%83%91%e3%83%aa%e7%99%be%e6%99%af\/#breadcrumb"},"inLanguage":"fr-FR","potentialAction":[{"@type":"ReadAction","target":["https:\/\/www.galeriedeparis.com\/Welcome\/produit\/cent-vues-de-paris-100-views-of-paris-in-lithography-%e3%82%a2%e3%82%ab%e3%82%ae%e3%81%ae%e7%89%88%e7%94%bb%e3%83%91%e3%83%aa%e7%99%be%e6%99%af\/"]}]},{"@type":"ImageObject","inLanguage":"fr-FR","@id":"https:\/\/www.galeriedeparis.com\/Welcome\/produit\/cent-vues-de-paris-100-views-of-paris-in-lithography-%e3%82%a2%e3%82%ab%e3%82%ae%e3%81%ae%e7%89%88%e7%94%bb%e3%83%91%e3%83%aa%e7%99%be%e6%99%af\/#primaryimage","url":"https:\/\/www.galeriedeparis.com\/Welcome\/wp-content\/uploads\/2026\/03\/Cent-vues-de-Paris-2019-Kojiro-Akagi-Couverture.jpg","contentUrl":"https:\/\/www.galeriedeparis.com\/Welcome\/wp-content\/uploads\/2026\/03\/Cent-vues-de-Paris-2019-Kojiro-Akagi-Couverture.jpg","width":961,"height":974},{"@type":"BreadcrumbList","@id":"https:\/\/www.galeriedeparis.com\/Welcome\/produit\/cent-vues-de-paris-100-views-of-paris-in-lithography-%e3%82%a2%e3%82%ab%e3%82%ae%e3%81%ae%e7%89%88%e7%94%bb%e3%83%91%e3%83%aa%e7%99%be%e6%99%af\/#breadcrumb","itemListElement":[{"@type":"ListItem","position":1,"name":"Accueil","item":"https:\/\/www.galeriedeparis.com\/Welcome\/"},{"@type":"ListItem","position":2,"name":"Boutique","item":"https:\/\/www.galeriedeparis.com\/Welcome\/boutique\/"},{"@type":"ListItem","position":3,"name":"Cent vues de Paris \/ 100 views of Paris in lithography \/ \u30a2\u30ab\u30ae\u306e\u7248\u753b\u30d1\u30ea\u767e\u666f"}]},{"@type":"WebSite","@id":"https:\/\/www.galeriedeparis.com\/Welcome\/#website","url":"https:\/\/www.galeriedeparis.com\/Welcome\/","name":"Galerie de Paris \u00a9","description":"Les plus belles oeuvres sur Paris se trouvent \u00e0 la Galerie de Paris \u00a9 !","publisher":{"@id":"https:\/\/www.galeriedeparis.com\/Welcome\/#organization"},"potentialAction":[{"@type":"SearchAction","target":{"@type":"EntryPoint","urlTemplate":"https:\/\/www.galeriedeparis.com\/Welcome\/?s={search_term_string}"},"query-input":{"@type":"PropertyValueSpecification","valueRequired":true,"valueName":"search_term_string"}}],"inLanguage":"fr-FR"},{"@type":"Organization","@id":"https:\/\/www.galeriedeparis.com\/Welcome\/#organization","name":"Galerie de Paris \u00a9","url":"https:\/\/www.galeriedeparis.com\/Welcome\/","logo":{"@type":"ImageObject","inLanguage":"fr-FR","@id":"https:\/\/www.galeriedeparis.com\/Welcome\/#\/schema\/logo\/image\/","url":"https:\/\/www.galeriedeparis.com\/Welcome\/wp-content\/uploads\/2022\/03\/cropped-937A1B47-87A3-4339-B63B-6F00ACC81F2A-1.jpg","contentUrl":"https:\/\/www.galeriedeparis.com\/Welcome\/wp-content\/uploads\/2022\/03\/cropped-937A1B47-87A3-4339-B63B-6F00ACC81F2A-1.jpg","width":478,"height":191,"caption":"Galerie de Paris \u00a9"},"image":{"@id":"https:\/\/www.galeriedeparis.com\/Welcome\/#\/schema\/logo\/image\/"},"sameAs":["https:\/\/www.facebook.com\/GalerieDeParisAuVillageSuisse\/"]}]}},"_links":{"self":[{"href":"https:\/\/www.galeriedeparis.com\/Welcome\/wp-json\/wp\/v2\/product\/460","targetHints":{"allow":["GET"]}}],"collection":[{"href":"https:\/\/www.galeriedeparis.com\/Welcome\/wp-json\/wp\/v2\/product"}],"about":[{"href":"https:\/\/www.galeriedeparis.com\/Welcome\/wp-json\/wp\/v2\/types\/product"}],"wp:featuredmedia":[{"embeddable":true,"href":"https:\/\/www.galeriedeparis.com\/Welcome\/wp-json\/wp\/v2\/media\/461"}],"wp:attachment":[{"href":"https:\/\/www.galeriedeparis.com\/Welcome\/wp-json\/wp\/v2\/media?parent=460"}],"wp:term":[{"taxonomy":"product_brand","embeddable":true,"href":"https:\/\/www.galeriedeparis.com\/Welcome\/wp-json\/wp\/v2\/product_brand?post=460"},{"taxonomy":"product_cat","embeddable":true,"href":"https:\/\/www.galeriedeparis.com\/Welcome\/wp-json\/wp\/v2\/product_cat?post=460"},{"taxonomy":"product_tag","embeddable":true,"href":"https:\/\/www.galeriedeparis.com\/Welcome\/wp-json\/wp\/v2\/product_tag?post=460"}],"curies":[{"name":"wp","href":"https:\/\/api.w.org\/{rel}","templated":true}]}}