{"id":465,"date":"2026-03-02T23:53:46","date_gmt":"2026-03-02T22:53:46","guid":{"rendered":"https:\/\/www.galeriedeparis.com\/Welcome\/?post_type=product&#038;p=465"},"modified":"2026-03-03T00:44:25","modified_gmt":"2026-03-02T23:44:25","slug":"la-coupole-de-linstitut-de-france-e-94","status":"publish","type":"product","link":"https:\/\/www.galeriedeparis.com\/Welcome\/produit\/la-coupole-de-linstitut-de-france-e-94\/","title":{"rendered":"La Coupole de l\u2019Institut de France E-94"},"content":{"rendered":"<p>Titre : La coupole de l\u2019Institut de France \/ The Dome of the Institut de France \/ \u5b66\u58eb\u9662\u306e\u30c9\u30fc\u30e0<\/p>\n<p>Cr\u00e9ateur : Kojiro Akagi (1934-2021)<\/p>\n<p>Date : 1996<\/p>\n<p>Format : S\u00e9rigraphie, Atelier Del Arco,<br \/>\n50 tirages + 20 E.A. romain + 5 E.A. sans num\u00e9ro,<br \/>\nsur papier Arches 15 x 24,5 cm.<br \/>\nType : S\u00e9rigraphie<\/p>\n<p><b>Collection : <\/b><a href=\"https:\/\/kojiroakagi.com\/gallery\/collections\/show\/2\">Cent vues de Paris \/ 100 views of Paris in lithography \/ \u30a2\u30ab\u30ae\u306e\u7248\u753b\u30d1\u30ea\u767e\u666f<\/a><\/p>\n<p>Droits : <a href=\"https:\/\/www.kojiroakagi.com\/kojiroakagi_wp\/\">\u00a9 Fonds de dotation Kojiro AKAGI<\/a>, <a href=\"https:\/\/www.adagp.fr\/fr\/jutilise-ou-vends-une-oeuvre\/ma-boite-outils\/tarifs\">\u00a9 ADAGP<\/a><\/p>\n<hr \/>\n<h2>La coupole de l\u2019Institut de France<\/h2>\n<p>Ce b\u00e2timent, qui abrite l\u2019Acad\u00e9mie fran\u00e7aise, est c\u00e9l\u00e8bre pour sa coupole devenue symbole de l\u2019Acad\u00e9mie fran\u00e7aise. Cette \u00e9cole a \u00e9t\u00e9 l\u00e9gu\u00e9e en h\u00e9ritage par le cardinal Mazarin, premier ministre de Louis XIV. Construite entre 1663 et 1668 (\u00e9poque du 4e shogunat de TOKUGAWA nomm\u00e9 Ietsuna), elle deviendra une chapelle o\u00f9 est install\u00e9 le cercueil de Mazarin.<\/p>\n<p>Le b\u00e2timent a \u00e9t\u00e9 con\u00e7u par l\u2019architecte Le Vau, auteur d\u2019autres \u00e9difices de l\u2019\u00e9poque tels que les Ch\u00e2teaux de Versailles et de Vaux-Le-Vicomte.<br \/>\nLorsqu\u2019on observe la coupole de l\u2019int\u00e9rieur, le plafond n\u2019est pas rond, mais ovale. Si un artiste la dessine, on peut savoir s\u2019il a trich\u00e9 en utilisant une photo comme mod\u00e8le, car il lui donnera une forme ronde due \u00e0 un effet d\u2019optique. Je reste \u00e9merveill\u00e9 par cet habillage architectural<br \/>\ncalcul\u00e9 pour que tout paraisse r\u00e9gulier et en m\u00eame temps majestueux vu du Louvre. En 1805, sous l\u2019ordre de Napol\u00e9on, l\u2019Institut de France d\u00e9m\u00e9nage du Louvre pour venir s\u2019installer dans ce b\u00e2timent qui \u00e9tait \u00e0 l\u2019\u00e9poque une ancienne \u00e9cole.<\/p>\n<h2>La Coupole de l\u2019institut de France<\/h2>\n<p>L\u2019Institut de France is famous for its cupola (domed ceiling) and it is so wellknown that if you say La Coupole it is taken to mean the Acad\u00e9mie Fran\u00e7aise (housed in the Institut de France). There is a restaurant of the same name in Montparnasse. It was a school built from 1663-8, around the time of the 4th shogun Ietsuna Tokugawa, with funds bequeathed by Cardinal Mazarin, Prime Min-<br \/>\nister under Louis XIV. In the middle was a chapel built to enshrine the remains<br \/>\nof the Cardinal and the coffin of the founder was entombed under the dome. The<br \/>\narchitect was Le Vau, responsible for a variety of buildings at that time, including the Ch\u00e2teau de Versailles and the Ch\u00e2teau de Vaux-le-Vicomte. From the inside you can clearly see that the dome is not circular but oval, the long axis running from side to side. When I see it from the side of the Louvre Palace I am impressed by the fact that it was designed to look massive and noble, but if I were to draw it as a simple dome inspired by pictures or other sources, people would soon realise I hadn\u2019t seen it with my own eyes. After having been a school, l\u2019Institut de France was transferred here from the Louvre Palace in 1805 under the command of Napol\u00e9on.<\/p>\n<h2>\u5b66\u58eb\u9662\u306e\u30c9\u30fc\u30e0<\/h2>\n<p>\u30a2\u30ab\u30c7\u30df\u30fc\u30fb\u30d5\u30e9\u30f3\u30bb\u30fc\u30ba\u306e\u5165\u3063\u3066\u3044\u308b\u3001\u5b66\u58eb\u9662\u306e\u4f1a\u9928\u306e\u5efa\u7269\u306f\u3001\u30af\u30fc\u30dd\u30fc\u30eb<br \/>\n\uff08\u4e38\u5929\u4e95\uff09\u306e\u30c9\u30fc\u30e0\u304c\u6709\u540d\u3067\u3001\u51a0\u8a5e\u3092\u3064\u3051\u3066\u30e9\u30fb\u30af\u30fc\u30dd\u30fc\u30eb\u3068\u8a00\u3046\u3068\uff08\u540c\u540d\u306e\u30ec\u30b9<br \/>\n\u30c8\u30e9\u30f3\u3082\u30e2\u30f3\u30d1\u30eb\u30ca\u30c3\u30b9\u306b\u3042\u308b\u304c\uff09\u30a2\u30ab\u30c7\u30df\u30fc\u30fb\u30d5\u30e9\u30f3\u30bb\u30fc\u30ba\u3001\u5b66\u58eb\u9662\u306e\u3053\u3068\u3092\u6307<br \/>\n\u3059\u304f\u3089\u3044\u3001\u3053\u306e\u4e38\u5929\u4e95\u306f\u77e5\u3089\u308c\u3066\u3044\u308b\u3002\u30eb\u30a4\u5341\u56db\u4e16\u306e\u5bb0\u76f8\u3060\u3063\u305f\u30de\u30b6\u30e9\u30f3\u67a2\u6a5f\u537f<br \/>\n\u306e\u907a\u7523\u3067\u3001\u4e00\u516d\u516d\u4e09\u5e74\u304b\u3089\u516d\u516b\u5e74\uff08\u5fb3\u5ddd\u56db\u4ee3\u76ee\u5c06\u8ecd\u5bb6\u7db1\u306e\u9803\uff09\u306b\u304b\u3051\u3066\u5efa\u3066\u3089<br \/>\n\u308c\u305f\u5b66\u6821\u3060\u3063\u305f\u3002\u305d\u306e\u771f\u3093\u4e2d\u306b\u30de\u30b6\u30e9\u30f3\u67a2\u6a5f\u537f\u306e\u907a\u4f53\u3092\u5b89\u7f6e\u3059\u308b\u305f\u3081\u306b\u4f5c\u3063\u305f<br \/>\n\u30c1\u30e3\u30da\u30eb\u3067\u3001\u4e38\u5929\u4e95\u306e\u771f\u4e0b\u306b\u5275\u8a2d\u8005\u306e\u304a\u68fa\u304c\u5b89\u7f6e\u3055\u308c\u3066\u3044\u305f\u3002\u5efa\u7bc9\u5bb6\u306f\u30d9\u30eb\u30b5<br \/>\n\u30a4\u30e6\u5bae\u6bbf\u3068\u304b\u3001\u30eb\u30fb\u30dc\u30fc\u30fb\u30eb\u30fb\u30d3\u30b3\u30f3\u30c8\u306e\u57ce\u306a\u3069\u3001\u5f53\u6642\u306e\u3044\u308d\u3044\u308d\u306a\u5efa\u7269\u3092\u3064\u304f\u3063<br \/>\n\u305f\u30eb\u30fb\u30dc\u30fc\u3002\u305f\u3060\u3057\u4e2d\u306b\u5165\u3063\u3066\u5185\u5074\u304b\u3089\u898b\u308b\u3068\u3001\u3053\u306e\u4e38\u5929\u4e95\u306f\u5186\u5f62\u3067\u306f\u306a\u304f\u3066\u3001\u6955<br \/>\n\u5186\u5f62\u306b\u6a2a\u9577\u306a\u306e\u3067\u3042\u308b\u3002\u30eb\u30fc\u30d6\u30eb\u5bae\u6bbf\u304c\u308f\u304b\u3089\u898b\u308b\u3068\u30c9\u30c3\u30b7\u30ea\u3068\u7aef\u6b63\u306b\u898b\u3048\u308b\u3088<br \/>\n\u3046\u306b\u8a08\u7b97\u3055\u308c\u3001\u8a2d\u8a08\u5de5\u4e8b\u3055\u308c\u3066\u3044\u308b\u306e\u306b\u611f\u5fc3\u3055\u305b\u3089\u308c\u308b\u304c\u3001\u7c21\u5358\u306b\u30c9\u30fc\u30e0\u3060\u304b\u3089<br \/>\n\u3068\u3001\u5199\u771f\u306a\u3069\u304b\u3089\u5224\u65ad\u3057\u3066\u3001\u5186\u5f62\u306e\u3064\u3082\u308a\u3067\u63cf\u3044\u305f\u3089\u3059\u3050\u30d0\u30ec\u308b\u3002\u5b66\u6821\u3060\u3063\u305f\u5f8c<br \/>\n\u306b\u3001\u5b66\u58eb\u9662\u304c\u30eb\u30fc\u30d6\u30eb\u5bae\u6bbf\u304b\u3089\u79fb\u8ee2\u3057\u3066\u5165\u3063\u305f\u306e\u306f\u4e00\u516b\u3007\u4e94\u5e74\u3067\u3001\u30ca\u30dd\u30ec\u30aa\u30f3<br \/>\n\u7687\u5e1d\u306e\u547d\u4ee4\u3067\u3053\u3053\u306b\u5f15\u3063\u8d8a\u3057\u305f\u306e\u3067\u3042\u308b\u3002<\/p>\n","protected":false},"excerpt":{"rendered":"<p>La coupole de l\u2019Institut de France \/ The Dome of the Institut de France \/ \u5b66\u58eb\u9662\u306e\u30c9\u30fc\u30e0<\/p>\n","protected":false},"featured_media":467,"template":"","meta":[],"product_brand":[104],"product_cat":[69,133],"product_tag":[154,176,143,73,177,129,142,173,77,172,178,72,174,155,175],"class_list":{"0":"post-465","1":"product","2":"type-product","3":"status-publish","4":"has-post-thumbnail","6":"product_brand-akagi","7":"product_cat-akagi-kojiro","8":"product_cat-serigraphie","9":"product_tag-100-views-of-paris-in-lithography","10":"product_tag-176","11":"product_tag-adagp","12":"product_tag-akagi","13":"product_tag-atelier-del-arco","14":"product_tag-cent-vues-de-paris","15":"product_tag-fonds-de-dotation-kojiro-akagi","16":"product_tag-institut-de-france","17":"product_tag-kojiro-akagi","18":"product_tag-la-coupole-de-linstitut-de-france","19":"product_tag-papier-arches","20":"product_tag-serigraphie","21":"product_tag-the-dome-of-the-institut-de-france","22":"product_tag-155","23":"product_tag-175","25":"first","26":"outofstock","27":"taxable","28":"shipping-taxable","29":"purchasable","30":"product-type-simple"},"yoast_head":"<!-- This site is optimized with the Yoast SEO plugin v27.5 - https:\/\/yoast.com\/product\/yoast-seo-wordpress\/ -->\n<title>La Coupole de l\u2019Institut de France E-94 - Galerie de Paris \u00a9<\/title>\n<meta name=\"description\" content=\"La coupole de l\u2019Institut de France \/ The Dome of the Institut de France \/ \u5b66\u58eb\u9662\u306e\u30c9\u30fc\u30e0 - Cr\u00e9ateur : Kojiro Akagi (1934-2021) - Date : 1996 - Format : S\u00e9rigraphie, Atelier Del Arco, 50 tirages + 20 E.A. romain + 5 E.A. sans num\u00e9ro,sur papier Arches 15 x 24,5 cm. - Type : S\u00e9rigraphie - Collection : Cent vues de Paris \/ 100 views of Paris in lithography \/ \u30a2\u30ab\u30ae\u306e\u7248\u753b\u30d1\u30ea\u767e\u666f - Droits : \u00a9 Fonds de dotation Kojiro AKAGI, \u00a9 ADAGP\" \/>\n<meta name=\"robots\" content=\"index, follow, max-snippet:-1, max-image-preview:large, max-video-preview:-1\" \/>\n<link rel=\"canonical\" href=\"https:\/\/www.galeriedeparis.com\/Welcome\/produit\/la-coupole-de-linstitut-de-france-e-94\/\" \/>\n<meta property=\"og:locale\" content=\"fr_FR\" \/>\n<meta property=\"og:type\" content=\"article\" \/>\n<meta property=\"og:title\" content=\"La Coupole de l\u2019Institut de France E-94 - Galerie de Paris \u00a9\" \/>\n<meta property=\"og:description\" content=\"La coupole de l\u2019Institut de France \/ The Dome of the Institut de France \/ \u5b66\u58eb\u9662\u306e\u30c9\u30fc\u30e0 - Cr\u00e9ateur : Kojiro Akagi (1934-2021) - Date : 1996 - Format : S\u00e9rigraphie, Atelier Del Arco, 50 tirages + 20 E.A. romain + 5 E.A. sans num\u00e9ro,sur papier Arches 15 x 24,5 cm. - Type : S\u00e9rigraphie - Collection : Cent vues de Paris \/ 100 views of Paris in lithography \/ \u30a2\u30ab\u30ae\u306e\u7248\u753b\u30d1\u30ea\u767e\u666f - Droits : \u00a9 Fonds de dotation Kojiro AKAGI, \u00a9 ADAGP\" \/>\n<meta property=\"og:url\" content=\"https:\/\/www.galeriedeparis.com\/Welcome\/produit\/la-coupole-de-linstitut-de-france-e-94\/\" \/>\n<meta property=\"og:site_name\" content=\"Galerie de Paris \u00a9\" \/>\n<meta property=\"article:publisher\" content=\"https:\/\/www.facebook.com\/GalerieDeParisAuVillageSuisse\/\" \/>\n<meta property=\"article:modified_time\" content=\"2026-03-02T23:44:25+00:00\" \/>\n<meta property=\"og:image\" content=\"https:\/\/www.galeriedeparis.com\/Welcome\/wp-content\/uploads\/2026\/03\/E-94-La-Coupole-de-lInstitut-de-France-Kojiro-AKAGI-1991-_-WP.jpg\" \/>\n\t<meta property=\"og:image:width\" content=\"1146\" \/>\n\t<meta property=\"og:image:height\" content=\"1660\" \/>\n\t<meta property=\"og:image:type\" content=\"image\/jpeg\" \/>\n<meta name=\"twitter:card\" content=\"summary_large_image\" \/>\n<meta name=\"twitter:label1\" content=\"Dur\u00e9e de lecture estim\u00e9e\" \/>\n\t<meta name=\"twitter:data1\" content=\"3 minutes\" \/>\n<script type=\"application\/ld+json\" class=\"yoast-schema-graph\">{\"@context\":\"https:\\\/\\\/schema.org\",\"@graph\":[{\"@type\":\"WebPage\",\"@id\":\"https:\\\/\\\/www.galeriedeparis.com\\\/Welcome\\\/produit\\\/la-coupole-de-linstitut-de-france-e-94\\\/\",\"url\":\"https:\\\/\\\/www.galeriedeparis.com\\\/Welcome\\\/produit\\\/la-coupole-de-linstitut-de-france-e-94\\\/\",\"name\":\"La Coupole de l\u2019Institut de France E-94 - Galerie de Paris \u00a9\",\"isPartOf\":{\"@id\":\"https:\\\/\\\/www.galeriedeparis.com\\\/Welcome\\\/#website\"},\"primaryImageOfPage\":{\"@id\":\"https:\\\/\\\/www.galeriedeparis.com\\\/Welcome\\\/produit\\\/la-coupole-de-linstitut-de-france-e-94\\\/#primaryimage\"},\"image\":{\"@id\":\"https:\\\/\\\/www.galeriedeparis.com\\\/Welcome\\\/produit\\\/la-coupole-de-linstitut-de-france-e-94\\\/#primaryimage\"},\"thumbnailUrl\":\"https:\\\/\\\/www.galeriedeparis.com\\\/Welcome\\\/wp-content\\\/uploads\\\/2026\\\/03\\\/E-94-La-Coupole-de-lInstitut-de-France-Kojiro-AKAGI-1991-_-WP.jpg\",\"datePublished\":\"2026-03-02T22:53:46+00:00\",\"dateModified\":\"2026-03-02T23:44:25+00:00\",\"description\":\"La coupole de l\u2019Institut de France \\\/ The Dome of the Institut de France \\\/ \u5b66\u58eb\u9662\u306e\u30c9\u30fc\u30e0 - Cr\u00e9ateur : Kojiro Akagi (1934-2021) - Date : 1996 - Format : S\u00e9rigraphie, Atelier Del Arco, 50 tirages + 20 E.A. romain + 5 E.A. sans num\u00e9ro,sur papier Arches 15 x 24,5 cm. - Type : S\u00e9rigraphie - Collection : Cent vues de Paris \\\/ 100 views of Paris in lithography \\\/ \u30a2\u30ab\u30ae\u306e\u7248\u753b\u30d1\u30ea\u767e\u666f - Droits : \u00a9 Fonds de dotation Kojiro AKAGI, \u00a9 ADAGP\",\"breadcrumb\":{\"@id\":\"https:\\\/\\\/www.galeriedeparis.com\\\/Welcome\\\/produit\\\/la-coupole-de-linstitut-de-france-e-94\\\/#breadcrumb\"},\"inLanguage\":\"fr-FR\",\"potentialAction\":[{\"@type\":\"ReadAction\",\"target\":[\"https:\\\/\\\/www.galeriedeparis.com\\\/Welcome\\\/produit\\\/la-coupole-de-linstitut-de-france-e-94\\\/\"]}]},{\"@type\":\"ImageObject\",\"inLanguage\":\"fr-FR\",\"@id\":\"https:\\\/\\\/www.galeriedeparis.com\\\/Welcome\\\/produit\\\/la-coupole-de-linstitut-de-france-e-94\\\/#primaryimage\",\"url\":\"https:\\\/\\\/www.galeriedeparis.com\\\/Welcome\\\/wp-content\\\/uploads\\\/2026\\\/03\\\/E-94-La-Coupole-de-lInstitut-de-France-Kojiro-AKAGI-1991-_-WP.jpg\",\"contentUrl\":\"https:\\\/\\\/www.galeriedeparis.com\\\/Welcome\\\/wp-content\\\/uploads\\\/2026\\\/03\\\/E-94-La-Coupole-de-lInstitut-de-France-Kojiro-AKAGI-1991-_-WP.jpg\",\"width\":1146,\"height\":1660},{\"@type\":\"BreadcrumbList\",\"@id\":\"https:\\\/\\\/www.galeriedeparis.com\\\/Welcome\\\/produit\\\/la-coupole-de-linstitut-de-france-e-94\\\/#breadcrumb\",\"itemListElement\":[{\"@type\":\"ListItem\",\"position\":1,\"name\":\"Accueil\",\"item\":\"https:\\\/\\\/www.galeriedeparis.com\\\/Welcome\\\/\"},{\"@type\":\"ListItem\",\"position\":2,\"name\":\"Boutique\",\"item\":\"https:\\\/\\\/www.galeriedeparis.com\\\/Welcome\\\/boutique\\\/\"},{\"@type\":\"ListItem\",\"position\":3,\"name\":\"La Coupole de l\u2019Institut de France E-94\"}]},{\"@type\":\"WebSite\",\"@id\":\"https:\\\/\\\/www.galeriedeparis.com\\\/Welcome\\\/#website\",\"url\":\"https:\\\/\\\/www.galeriedeparis.com\\\/Welcome\\\/\",\"name\":\"Galerie de Paris \u00a9\",\"description\":\"Les plus belles oeuvres sur Paris se trouvent \u00e0 la Galerie de Paris \u00a9 !\",\"publisher\":{\"@id\":\"https:\\\/\\\/www.galeriedeparis.com\\\/Welcome\\\/#organization\"},\"potentialAction\":[{\"@type\":\"SearchAction\",\"target\":{\"@type\":\"EntryPoint\",\"urlTemplate\":\"https:\\\/\\\/www.galeriedeparis.com\\\/Welcome\\\/?s={search_term_string}\"},\"query-input\":{\"@type\":\"PropertyValueSpecification\",\"valueRequired\":true,\"valueName\":\"search_term_string\"}}],\"inLanguage\":\"fr-FR\"},{\"@type\":\"Organization\",\"@id\":\"https:\\\/\\\/www.galeriedeparis.com\\\/Welcome\\\/#organization\",\"name\":\"Galerie de Paris \u00a9\",\"url\":\"https:\\\/\\\/www.galeriedeparis.com\\\/Welcome\\\/\",\"logo\":{\"@type\":\"ImageObject\",\"inLanguage\":\"fr-FR\",\"@id\":\"https:\\\/\\\/www.galeriedeparis.com\\\/Welcome\\\/#\\\/schema\\\/logo\\\/image\\\/\",\"url\":\"https:\\\/\\\/www.galeriedeparis.com\\\/Welcome\\\/wp-content\\\/uploads\\\/2022\\\/03\\\/cropped-937A1B47-87A3-4339-B63B-6F00ACC81F2A-1.jpg\",\"contentUrl\":\"https:\\\/\\\/www.galeriedeparis.com\\\/Welcome\\\/wp-content\\\/uploads\\\/2022\\\/03\\\/cropped-937A1B47-87A3-4339-B63B-6F00ACC81F2A-1.jpg\",\"width\":478,\"height\":191,\"caption\":\"Galerie de Paris \u00a9\"},\"image\":{\"@id\":\"https:\\\/\\\/www.galeriedeparis.com\\\/Welcome\\\/#\\\/schema\\\/logo\\\/image\\\/\"},\"sameAs\":[\"https:\\\/\\\/www.facebook.com\\\/GalerieDeParisAuVillageSuisse\\\/\"]}]}<\/script>\n<!-- \/ Yoast SEO plugin. -->","yoast_head_json":{"title":"La Coupole de l\u2019Institut de France E-94 - Galerie de Paris \u00a9","description":"La coupole de l\u2019Institut de France \/ The Dome of the Institut de France \/ \u5b66\u58eb\u9662\u306e\u30c9\u30fc\u30e0 - Cr\u00e9ateur : Kojiro Akagi (1934-2021) - Date : 1996 - Format : S\u00e9rigraphie, Atelier Del Arco, 50 tirages + 20 E.A. romain + 5 E.A. sans num\u00e9ro,sur papier Arches 15 x 24,5 cm. - Type : S\u00e9rigraphie - Collection : Cent vues de Paris \/ 100 views of Paris in lithography \/ \u30a2\u30ab\u30ae\u306e\u7248\u753b\u30d1\u30ea\u767e\u666f - Droits : \u00a9 Fonds de dotation Kojiro AKAGI, \u00a9 ADAGP","robots":{"index":"index","follow":"follow","max-snippet":"max-snippet:-1","max-image-preview":"max-image-preview:large","max-video-preview":"max-video-preview:-1"},"canonical":"https:\/\/www.galeriedeparis.com\/Welcome\/produit\/la-coupole-de-linstitut-de-france-e-94\/","og_locale":"fr_FR","og_type":"article","og_title":"La Coupole de l\u2019Institut de France E-94 - Galerie de Paris \u00a9","og_description":"La coupole de l\u2019Institut de France \/ The Dome of the Institut de France \/ \u5b66\u58eb\u9662\u306e\u30c9\u30fc\u30e0 - Cr\u00e9ateur : Kojiro Akagi (1934-2021) - Date : 1996 - Format : S\u00e9rigraphie, Atelier Del Arco, 50 tirages + 20 E.A. romain + 5 E.A. sans num\u00e9ro,sur papier Arches 15 x 24,5 cm. - Type : S\u00e9rigraphie - Collection : Cent vues de Paris \/ 100 views of Paris in lithography \/ \u30a2\u30ab\u30ae\u306e\u7248\u753b\u30d1\u30ea\u767e\u666f - Droits : \u00a9 Fonds de dotation Kojiro AKAGI, \u00a9 ADAGP","og_url":"https:\/\/www.galeriedeparis.com\/Welcome\/produit\/la-coupole-de-linstitut-de-france-e-94\/","og_site_name":"Galerie de Paris \u00a9","article_publisher":"https:\/\/www.facebook.com\/GalerieDeParisAuVillageSuisse\/","article_modified_time":"2026-03-02T23:44:25+00:00","og_image":[{"width":1146,"height":1660,"url":"https:\/\/www.galeriedeparis.com\/Welcome\/wp-content\/uploads\/2026\/03\/E-94-La-Coupole-de-lInstitut-de-France-Kojiro-AKAGI-1991-_-WP.jpg","type":"image\/jpeg"}],"twitter_card":"summary_large_image","twitter_misc":{"Dur\u00e9e de lecture estim\u00e9e":"3 minutes"},"schema":{"@context":"https:\/\/schema.org","@graph":[{"@type":"WebPage","@id":"https:\/\/www.galeriedeparis.com\/Welcome\/produit\/la-coupole-de-linstitut-de-france-e-94\/","url":"https:\/\/www.galeriedeparis.com\/Welcome\/produit\/la-coupole-de-linstitut-de-france-e-94\/","name":"La Coupole de l\u2019Institut de France E-94 - Galerie de Paris \u00a9","isPartOf":{"@id":"https:\/\/www.galeriedeparis.com\/Welcome\/#website"},"primaryImageOfPage":{"@id":"https:\/\/www.galeriedeparis.com\/Welcome\/produit\/la-coupole-de-linstitut-de-france-e-94\/#primaryimage"},"image":{"@id":"https:\/\/www.galeriedeparis.com\/Welcome\/produit\/la-coupole-de-linstitut-de-france-e-94\/#primaryimage"},"thumbnailUrl":"https:\/\/www.galeriedeparis.com\/Welcome\/wp-content\/uploads\/2026\/03\/E-94-La-Coupole-de-lInstitut-de-France-Kojiro-AKAGI-1991-_-WP.jpg","datePublished":"2026-03-02T22:53:46+00:00","dateModified":"2026-03-02T23:44:25+00:00","description":"La coupole de l\u2019Institut de France \/ The Dome of the Institut de France \/ \u5b66\u58eb\u9662\u306e\u30c9\u30fc\u30e0 - Cr\u00e9ateur : Kojiro Akagi (1934-2021) - Date : 1996 - Format : S\u00e9rigraphie, Atelier Del Arco, 50 tirages + 20 E.A. romain + 5 E.A. sans num\u00e9ro,sur papier Arches 15 x 24,5 cm. - Type : S\u00e9rigraphie - Collection : Cent vues de Paris \/ 100 views of Paris in lithography \/ \u30a2\u30ab\u30ae\u306e\u7248\u753b\u30d1\u30ea\u767e\u666f - Droits : \u00a9 Fonds de dotation Kojiro AKAGI, \u00a9 ADAGP","breadcrumb":{"@id":"https:\/\/www.galeriedeparis.com\/Welcome\/produit\/la-coupole-de-linstitut-de-france-e-94\/#breadcrumb"},"inLanguage":"fr-FR","potentialAction":[{"@type":"ReadAction","target":["https:\/\/www.galeriedeparis.com\/Welcome\/produit\/la-coupole-de-linstitut-de-france-e-94\/"]}]},{"@type":"ImageObject","inLanguage":"fr-FR","@id":"https:\/\/www.galeriedeparis.com\/Welcome\/produit\/la-coupole-de-linstitut-de-france-e-94\/#primaryimage","url":"https:\/\/www.galeriedeparis.com\/Welcome\/wp-content\/uploads\/2026\/03\/E-94-La-Coupole-de-lInstitut-de-France-Kojiro-AKAGI-1991-_-WP.jpg","contentUrl":"https:\/\/www.galeriedeparis.com\/Welcome\/wp-content\/uploads\/2026\/03\/E-94-La-Coupole-de-lInstitut-de-France-Kojiro-AKAGI-1991-_-WP.jpg","width":1146,"height":1660},{"@type":"BreadcrumbList","@id":"https:\/\/www.galeriedeparis.com\/Welcome\/produit\/la-coupole-de-linstitut-de-france-e-94\/#breadcrumb","itemListElement":[{"@type":"ListItem","position":1,"name":"Accueil","item":"https:\/\/www.galeriedeparis.com\/Welcome\/"},{"@type":"ListItem","position":2,"name":"Boutique","item":"https:\/\/www.galeriedeparis.com\/Welcome\/boutique\/"},{"@type":"ListItem","position":3,"name":"La Coupole de l\u2019Institut de France E-94"}]},{"@type":"WebSite","@id":"https:\/\/www.galeriedeparis.com\/Welcome\/#website","url":"https:\/\/www.galeriedeparis.com\/Welcome\/","name":"Galerie de Paris \u00a9","description":"Les plus belles oeuvres sur Paris se trouvent \u00e0 la Galerie de Paris \u00a9 !","publisher":{"@id":"https:\/\/www.galeriedeparis.com\/Welcome\/#organization"},"potentialAction":[{"@type":"SearchAction","target":{"@type":"EntryPoint","urlTemplate":"https:\/\/www.galeriedeparis.com\/Welcome\/?s={search_term_string}"},"query-input":{"@type":"PropertyValueSpecification","valueRequired":true,"valueName":"search_term_string"}}],"inLanguage":"fr-FR"},{"@type":"Organization","@id":"https:\/\/www.galeriedeparis.com\/Welcome\/#organization","name":"Galerie de Paris \u00a9","url":"https:\/\/www.galeriedeparis.com\/Welcome\/","logo":{"@type":"ImageObject","inLanguage":"fr-FR","@id":"https:\/\/www.galeriedeparis.com\/Welcome\/#\/schema\/logo\/image\/","url":"https:\/\/www.galeriedeparis.com\/Welcome\/wp-content\/uploads\/2022\/03\/cropped-937A1B47-87A3-4339-B63B-6F00ACC81F2A-1.jpg","contentUrl":"https:\/\/www.galeriedeparis.com\/Welcome\/wp-content\/uploads\/2022\/03\/cropped-937A1B47-87A3-4339-B63B-6F00ACC81F2A-1.jpg","width":478,"height":191,"caption":"Galerie de Paris \u00a9"},"image":{"@id":"https:\/\/www.galeriedeparis.com\/Welcome\/#\/schema\/logo\/image\/"},"sameAs":["https:\/\/www.facebook.com\/GalerieDeParisAuVillageSuisse\/"]}]}},"_links":{"self":[{"href":"https:\/\/www.galeriedeparis.com\/Welcome\/wp-json\/wp\/v2\/product\/465","targetHints":{"allow":["GET"]}}],"collection":[{"href":"https:\/\/www.galeriedeparis.com\/Welcome\/wp-json\/wp\/v2\/product"}],"about":[{"href":"https:\/\/www.galeriedeparis.com\/Welcome\/wp-json\/wp\/v2\/types\/product"}],"wp:featuredmedia":[{"embeddable":true,"href":"https:\/\/www.galeriedeparis.com\/Welcome\/wp-json\/wp\/v2\/media\/467"}],"wp:attachment":[{"href":"https:\/\/www.galeriedeparis.com\/Welcome\/wp-json\/wp\/v2\/media?parent=465"}],"wp:term":[{"taxonomy":"product_brand","embeddable":true,"href":"https:\/\/www.galeriedeparis.com\/Welcome\/wp-json\/wp\/v2\/product_brand?post=465"},{"taxonomy":"product_cat","embeddable":true,"href":"https:\/\/www.galeriedeparis.com\/Welcome\/wp-json\/wp\/v2\/product_cat?post=465"},{"taxonomy":"product_tag","embeddable":true,"href":"https:\/\/www.galeriedeparis.com\/Welcome\/wp-json\/wp\/v2\/product_tag?post=465"}],"curies":[{"name":"wp","href":"https:\/\/api.w.org\/{rel}","templated":true}]}}