{"id":468,"date":"2026-03-03T00:45:58","date_gmt":"2026-03-02T23:45:58","guid":{"rendered":"https:\/\/www.galeriedeparis.com\/Welcome\/?post_type=product&#038;p=468"},"modified":"2026-03-03T01:04:40","modified_gmt":"2026-03-03T00:04:40","slug":"a-la-rue-saint-vincent-e-105","status":"publish","type":"product","link":"https:\/\/www.galeriedeparis.com\/Welcome\/produit\/a-la-rue-saint-vincent-e-105\/","title":{"rendered":"A la rue Saint-Vincent E-105"},"content":{"rendered":"<p>Titre : A la rue Saint-Vincent \/ In Rue Saint-Vincent \/ \u30b5\u30f3\u00b7\u30d0\u30f3\u30b5\u30f3\u901a\u308a\u306b\u3066<\/p>\n<p>Cr\u00e9ateur : Kojiro Akagi (1934-2021)<\/p>\n<p>Date : D\u00e9cembre 1998<\/p>\n<p>Type : S\u00e9rigraphie\/ Silk-screen \/ \u30b7\u30eb\u30af\u30b9\u30af\u30ea\u30fc\u30f3<\/p>\n<p>Atelier : Del Arco<\/p>\n<p>Format : 11x16cm \/ 4.33&#215;6.3 in.<\/p>\n<p>Papier : Arches: 21x28cm \/ 8.27&#215;11.02 in.<\/p>\n<p>Tirage : 50 exemplaires + 18 E.A. romain<\/p>\n<p>Collection : <a href=\"https:\/\/www.galeriedeparis.com\/Welcome\/produit\/catalogue-raisonne-n-1\/\" target=\"_blank\" rel=\"noopener\">Catalogue Raisonn\u00e9 1 page 45 \/ Catalog Raisonn\u00e9 1 \/ \u30ab\u30bf\u30ed\u30b0\u30fb\u30ec\u30be\u30cd 1<\/a><\/p>\n<p>Identifiant : E-105<\/p>\n","protected":false},"excerpt":{"rendered":"<p>A la rue Saint-Vincent<\/p>\n","protected":false},"featured_media":0,"template":"","meta":[],"product_brand":[104],"product_cat":[69,133],"product_tag":[180,183,140,185,141,179,181,77,72,139,186,182,184],"class_list":{"0":"post-468","1":"product","2":"type-product","3":"status-publish","5":"product_brand-akagi","6":"product_cat-akagi-kojiro","7":"product_cat-serigraphie","8":"product_tag-a-la-rue-saint-vincent","9":"product_tag-akagi-decembre-1998","10":"product_tag-arches","11":"product_tag-catalogue-raisonne-1","12":"product_tag-del-arco","13":"product_tag-e-105","14":"product_tag-in-rue-saint-vincent","15":"product_tag-kojiro-akagi","16":"product_tag-serigraphie","17":"product_tag-silk-screen","18":"product_tag-186","19":"product_tag-182","20":"product_tag-184","22":"first","23":"outofstock","24":"taxable","25":"shipping-taxable","26":"purchasable","27":"product-type-simple"},"yoast_head":"<!-- This site is optimized with the Yoast SEO plugin v27.5 - https:\/\/yoast.com\/product\/yoast-seo-wordpress\/ -->\n<title>A la rue Saint-Vincent E-105 - Galerie de Paris \u00a9<\/title>\n<meta name=\"description\" content=\"A la rue Saint-Vincent \/ In Rue Saint-Vincent \/ \u30b5\u30f3\u30fb\u30d0\u30f3\u30b5\u30f3\u901a\u308a\u306b\u3066 - Cr\u00e9ateur : Kojiro Akagi (1934-2021) - Date : D\u00e9cembre 1998Type : S\u00e9rigraphie\/ Silk-screen \/ \u30b7\u30eb\u30af\u30b9\u30af\u30ea\u30fc\u30f3 - Atelier : Del ArcoFormat : 11x16cm \/ 4.33x6.3 in. - Papier : Arches: 21x28cm \/ 8.27x11.02 in.\u2028 - Tirage : 50 exemplaires + 18 E.A. romain - Collection : Catalogue Raisonn\u00e9 1 page 45 \/ Catalog Raisonn\u00e9 1 \/ \u30ab\u30bf\u30ed\u30b0\u30fb\u30ec\u30be\u30cd 1 - Identifiant : E-105\" \/>\n<meta name=\"robots\" content=\"index, follow, max-snippet:-1, max-image-preview:large, max-video-preview:-1\" \/>\n<link rel=\"canonical\" href=\"https:\/\/www.galeriedeparis.com\/Welcome\/produit\/a-la-rue-saint-vincent-e-105\/\" \/>\n<meta property=\"og:locale\" content=\"fr_FR\" \/>\n<meta property=\"og:type\" content=\"article\" \/>\n<meta property=\"og:title\" content=\"A la rue Saint-Vincent E-105 - Galerie de Paris \u00a9\" \/>\n<meta property=\"og:description\" content=\"A la rue Saint-Vincent \/ In Rue Saint-Vincent \/ \u30b5\u30f3\u30fb\u30d0\u30f3\u30b5\u30f3\u901a\u308a\u306b\u3066 - Cr\u00e9ateur : Kojiro Akagi (1934-2021) - Date : D\u00e9cembre 1998Type : S\u00e9rigraphie\/ Silk-screen \/ \u30b7\u30eb\u30af\u30b9\u30af\u30ea\u30fc\u30f3 - Atelier : Del ArcoFormat : 11x16cm \/ 4.33x6.3 in. - Papier : Arches: 21x28cm \/ 8.27x11.02 in.\u2028 - Tirage : 50 exemplaires + 18 E.A. romain - Collection : Catalogue Raisonn\u00e9 1 page 45 \/ Catalog Raisonn\u00e9 1 \/ \u30ab\u30bf\u30ed\u30b0\u30fb\u30ec\u30be\u30cd 1 - Identifiant : E-105\" \/>\n<meta property=\"og:url\" content=\"https:\/\/www.galeriedeparis.com\/Welcome\/produit\/a-la-rue-saint-vincent-e-105\/\" \/>\n<meta property=\"og:site_name\" content=\"Galerie de Paris \u00a9\" \/>\n<meta property=\"article:publisher\" content=\"https:\/\/www.facebook.com\/GalerieDeParisAuVillageSuisse\/\" \/>\n<meta property=\"article:modified_time\" content=\"2026-03-03T00:04:40+00:00\" \/>\n<meta name=\"twitter:card\" content=\"summary_large_image\" \/>\n<meta name=\"twitter:label1\" content=\"Dur\u00e9e de lecture estim\u00e9e\" \/>\n\t<meta name=\"twitter:data1\" content=\"1 minute\" \/>\n<script type=\"application\/ld+json\" class=\"yoast-schema-graph\">{\"@context\":\"https:\\\/\\\/schema.org\",\"@graph\":[{\"@type\":\"WebPage\",\"@id\":\"https:\\\/\\\/www.galeriedeparis.com\\\/Welcome\\\/produit\\\/a-la-rue-saint-vincent-e-105\\\/\",\"url\":\"https:\\\/\\\/www.galeriedeparis.com\\\/Welcome\\\/produit\\\/a-la-rue-saint-vincent-e-105\\\/\",\"name\":\"A la rue Saint-Vincent E-105 - Galerie de Paris \u00a9\",\"isPartOf\":{\"@id\":\"https:\\\/\\\/www.galeriedeparis.com\\\/Welcome\\\/#website\"},\"datePublished\":\"2026-03-02T23:45:58+00:00\",\"dateModified\":\"2026-03-03T00:04:40+00:00\",\"description\":\"A la rue Saint-Vincent \\\/ In Rue Saint-Vincent \\\/ \u30b5\u30f3\u30fb\u30d0\u30f3\u30b5\u30f3\u901a\u308a\u306b\u3066 - Cr\u00e9ateur : Kojiro Akagi (1934-2021) - Date : D\u00e9cembre 1998Type : S\u00e9rigraphie\\\/ Silk-screen \\\/ \u30b7\u30eb\u30af\u30b9\u30af\u30ea\u30fc\u30f3 - Atelier : Del ArcoFormat : 11x16cm \\\/ 4.33x6.3 in. - Papier : Arches: 21x28cm \\\/ 8.27x11.02 in.\\u2028 - Tirage : 50 exemplaires + 18 E.A. romain - Collection : Catalogue Raisonn\u00e9 1 page 45 \\\/ Catalog Raisonn\u00e9 1 \\\/ \u30ab\u30bf\u30ed\u30b0\u30fb\u30ec\u30be\u30cd 1 - Identifiant : E-105\",\"breadcrumb\":{\"@id\":\"https:\\\/\\\/www.galeriedeparis.com\\\/Welcome\\\/produit\\\/a-la-rue-saint-vincent-e-105\\\/#breadcrumb\"},\"inLanguage\":\"fr-FR\",\"potentialAction\":[{\"@type\":\"ReadAction\",\"target\":[\"https:\\\/\\\/www.galeriedeparis.com\\\/Welcome\\\/produit\\\/a-la-rue-saint-vincent-e-105\\\/\"]}]},{\"@type\":\"BreadcrumbList\",\"@id\":\"https:\\\/\\\/www.galeriedeparis.com\\\/Welcome\\\/produit\\\/a-la-rue-saint-vincent-e-105\\\/#breadcrumb\",\"itemListElement\":[{\"@type\":\"ListItem\",\"position\":1,\"name\":\"Accueil\",\"item\":\"https:\\\/\\\/www.galeriedeparis.com\\\/Welcome\\\/\"},{\"@type\":\"ListItem\",\"position\":2,\"name\":\"Boutique\",\"item\":\"https:\\\/\\\/www.galeriedeparis.com\\\/Welcome\\\/boutique\\\/\"},{\"@type\":\"ListItem\",\"position\":3,\"name\":\"A la rue Saint-Vincent E-105\"}]},{\"@type\":\"WebSite\",\"@id\":\"https:\\\/\\\/www.galeriedeparis.com\\\/Welcome\\\/#website\",\"url\":\"https:\\\/\\\/www.galeriedeparis.com\\\/Welcome\\\/\",\"name\":\"Galerie de Paris \u00a9\",\"description\":\"Les plus belles oeuvres sur Paris se trouvent \u00e0 la Galerie de Paris \u00a9 !\",\"publisher\":{\"@id\":\"https:\\\/\\\/www.galeriedeparis.com\\\/Welcome\\\/#organization\"},\"potentialAction\":[{\"@type\":\"SearchAction\",\"target\":{\"@type\":\"EntryPoint\",\"urlTemplate\":\"https:\\\/\\\/www.galeriedeparis.com\\\/Welcome\\\/?s={search_term_string}\"},\"query-input\":{\"@type\":\"PropertyValueSpecification\",\"valueRequired\":true,\"valueName\":\"search_term_string\"}}],\"inLanguage\":\"fr-FR\"},{\"@type\":\"Organization\",\"@id\":\"https:\\\/\\\/www.galeriedeparis.com\\\/Welcome\\\/#organization\",\"name\":\"Galerie de Paris \u00a9\",\"url\":\"https:\\\/\\\/www.galeriedeparis.com\\\/Welcome\\\/\",\"logo\":{\"@type\":\"ImageObject\",\"inLanguage\":\"fr-FR\",\"@id\":\"https:\\\/\\\/www.galeriedeparis.com\\\/Welcome\\\/#\\\/schema\\\/logo\\\/image\\\/\",\"url\":\"https:\\\/\\\/www.galeriedeparis.com\\\/Welcome\\\/wp-content\\\/uploads\\\/2022\\\/03\\\/cropped-937A1B47-87A3-4339-B63B-6F00ACC81F2A-1.jpg\",\"contentUrl\":\"https:\\\/\\\/www.galeriedeparis.com\\\/Welcome\\\/wp-content\\\/uploads\\\/2022\\\/03\\\/cropped-937A1B47-87A3-4339-B63B-6F00ACC81F2A-1.jpg\",\"width\":478,\"height\":191,\"caption\":\"Galerie de Paris \u00a9\"},\"image\":{\"@id\":\"https:\\\/\\\/www.galeriedeparis.com\\\/Welcome\\\/#\\\/schema\\\/logo\\\/image\\\/\"},\"sameAs\":[\"https:\\\/\\\/www.facebook.com\\\/GalerieDeParisAuVillageSuisse\\\/\"]}]}<\/script>\n<!-- \/ Yoast SEO plugin. -->","yoast_head_json":{"title":"A la rue Saint-Vincent E-105 - Galerie de Paris \u00a9","description":"A la rue Saint-Vincent \/ In Rue Saint-Vincent \/ \u30b5\u30f3\u30fb\u30d0\u30f3\u30b5\u30f3\u901a\u308a\u306b\u3066 - Cr\u00e9ateur : Kojiro Akagi (1934-2021) - Date : D\u00e9cembre 1998Type : S\u00e9rigraphie\/ Silk-screen \/ \u30b7\u30eb\u30af\u30b9\u30af\u30ea\u30fc\u30f3 - Atelier : Del ArcoFormat : 11x16cm \/ 4.33x6.3 in. - Papier : Arches: 21x28cm \/ 8.27x11.02 in.\u2028 - Tirage : 50 exemplaires + 18 E.A. romain - Collection : Catalogue Raisonn\u00e9 1 page 45 \/ Catalog Raisonn\u00e9 1 \/ \u30ab\u30bf\u30ed\u30b0\u30fb\u30ec\u30be\u30cd 1 - Identifiant : E-105","robots":{"index":"index","follow":"follow","max-snippet":"max-snippet:-1","max-image-preview":"max-image-preview:large","max-video-preview":"max-video-preview:-1"},"canonical":"https:\/\/www.galeriedeparis.com\/Welcome\/produit\/a-la-rue-saint-vincent-e-105\/","og_locale":"fr_FR","og_type":"article","og_title":"A la rue Saint-Vincent E-105 - Galerie de Paris \u00a9","og_description":"A la rue Saint-Vincent \/ In Rue Saint-Vincent \/ \u30b5\u30f3\u30fb\u30d0\u30f3\u30b5\u30f3\u901a\u308a\u306b\u3066 - Cr\u00e9ateur : Kojiro Akagi (1934-2021) - Date : D\u00e9cembre 1998Type : S\u00e9rigraphie\/ Silk-screen \/ \u30b7\u30eb\u30af\u30b9\u30af\u30ea\u30fc\u30f3 - Atelier : Del ArcoFormat : 11x16cm \/ 4.33x6.3 in. - Papier : Arches: 21x28cm \/ 8.27x11.02 in.\u2028 - Tirage : 50 exemplaires + 18 E.A. romain - Collection : Catalogue Raisonn\u00e9 1 page 45 \/ Catalog Raisonn\u00e9 1 \/ \u30ab\u30bf\u30ed\u30b0\u30fb\u30ec\u30be\u30cd 1 - Identifiant : E-105","og_url":"https:\/\/www.galeriedeparis.com\/Welcome\/produit\/a-la-rue-saint-vincent-e-105\/","og_site_name":"Galerie de Paris \u00a9","article_publisher":"https:\/\/www.facebook.com\/GalerieDeParisAuVillageSuisse\/","article_modified_time":"2026-03-03T00:04:40+00:00","twitter_card":"summary_large_image","twitter_misc":{"Dur\u00e9e de lecture estim\u00e9e":"1 minute"},"schema":{"@context":"https:\/\/schema.org","@graph":[{"@type":"WebPage","@id":"https:\/\/www.galeriedeparis.com\/Welcome\/produit\/a-la-rue-saint-vincent-e-105\/","url":"https:\/\/www.galeriedeparis.com\/Welcome\/produit\/a-la-rue-saint-vincent-e-105\/","name":"A la rue Saint-Vincent E-105 - Galerie de Paris \u00a9","isPartOf":{"@id":"https:\/\/www.galeriedeparis.com\/Welcome\/#website"},"datePublished":"2026-03-02T23:45:58+00:00","dateModified":"2026-03-03T00:04:40+00:00","description":"A la rue Saint-Vincent \/ In Rue Saint-Vincent \/ \u30b5\u30f3\u30fb\u30d0\u30f3\u30b5\u30f3\u901a\u308a\u306b\u3066 - Cr\u00e9ateur : Kojiro Akagi (1934-2021) - Date : D\u00e9cembre 1998Type : S\u00e9rigraphie\/ Silk-screen \/ \u30b7\u30eb\u30af\u30b9\u30af\u30ea\u30fc\u30f3 - Atelier : Del ArcoFormat : 11x16cm \/ 4.33x6.3 in. - Papier : Arches: 21x28cm \/ 8.27x11.02 in.\u2028 - Tirage : 50 exemplaires + 18 E.A. romain - Collection : Catalogue Raisonn\u00e9 1 page 45 \/ Catalog Raisonn\u00e9 1 \/ \u30ab\u30bf\u30ed\u30b0\u30fb\u30ec\u30be\u30cd 1 - Identifiant : E-105","breadcrumb":{"@id":"https:\/\/www.galeriedeparis.com\/Welcome\/produit\/a-la-rue-saint-vincent-e-105\/#breadcrumb"},"inLanguage":"fr-FR","potentialAction":[{"@type":"ReadAction","target":["https:\/\/www.galeriedeparis.com\/Welcome\/produit\/a-la-rue-saint-vincent-e-105\/"]}]},{"@type":"BreadcrumbList","@id":"https:\/\/www.galeriedeparis.com\/Welcome\/produit\/a-la-rue-saint-vincent-e-105\/#breadcrumb","itemListElement":[{"@type":"ListItem","position":1,"name":"Accueil","item":"https:\/\/www.galeriedeparis.com\/Welcome\/"},{"@type":"ListItem","position":2,"name":"Boutique","item":"https:\/\/www.galeriedeparis.com\/Welcome\/boutique\/"},{"@type":"ListItem","position":3,"name":"A la rue Saint-Vincent E-105"}]},{"@type":"WebSite","@id":"https:\/\/www.galeriedeparis.com\/Welcome\/#website","url":"https:\/\/www.galeriedeparis.com\/Welcome\/","name":"Galerie de Paris \u00a9","description":"Les plus belles oeuvres sur Paris se trouvent \u00e0 la Galerie de Paris \u00a9 !","publisher":{"@id":"https:\/\/www.galeriedeparis.com\/Welcome\/#organization"},"potentialAction":[{"@type":"SearchAction","target":{"@type":"EntryPoint","urlTemplate":"https:\/\/www.galeriedeparis.com\/Welcome\/?s={search_term_string}"},"query-input":{"@type":"PropertyValueSpecification","valueRequired":true,"valueName":"search_term_string"}}],"inLanguage":"fr-FR"},{"@type":"Organization","@id":"https:\/\/www.galeriedeparis.com\/Welcome\/#organization","name":"Galerie de Paris \u00a9","url":"https:\/\/www.galeriedeparis.com\/Welcome\/","logo":{"@type":"ImageObject","inLanguage":"fr-FR","@id":"https:\/\/www.galeriedeparis.com\/Welcome\/#\/schema\/logo\/image\/","url":"https:\/\/www.galeriedeparis.com\/Welcome\/wp-content\/uploads\/2022\/03\/cropped-937A1B47-87A3-4339-B63B-6F00ACC81F2A-1.jpg","contentUrl":"https:\/\/www.galeriedeparis.com\/Welcome\/wp-content\/uploads\/2022\/03\/cropped-937A1B47-87A3-4339-B63B-6F00ACC81F2A-1.jpg","width":478,"height":191,"caption":"Galerie de Paris \u00a9"},"image":{"@id":"https:\/\/www.galeriedeparis.com\/Welcome\/#\/schema\/logo\/image\/"},"sameAs":["https:\/\/www.facebook.com\/GalerieDeParisAuVillageSuisse\/"]}]}},"_links":{"self":[{"href":"https:\/\/www.galeriedeparis.com\/Welcome\/wp-json\/wp\/v2\/product\/468","targetHints":{"allow":["GET"]}}],"collection":[{"href":"https:\/\/www.galeriedeparis.com\/Welcome\/wp-json\/wp\/v2\/product"}],"about":[{"href":"https:\/\/www.galeriedeparis.com\/Welcome\/wp-json\/wp\/v2\/types\/product"}],"wp:attachment":[{"href":"https:\/\/www.galeriedeparis.com\/Welcome\/wp-json\/wp\/v2\/media?parent=468"}],"wp:term":[{"taxonomy":"product_brand","embeddable":true,"href":"https:\/\/www.galeriedeparis.com\/Welcome\/wp-json\/wp\/v2\/product_brand?post=468"},{"taxonomy":"product_cat","embeddable":true,"href":"https:\/\/www.galeriedeparis.com\/Welcome\/wp-json\/wp\/v2\/product_cat?post=468"},{"taxonomy":"product_tag","embeddable":true,"href":"https:\/\/www.galeriedeparis.com\/Welcome\/wp-json\/wp\/v2\/product_tag?post=468"}],"curies":[{"name":"wp","href":"https:\/\/api.w.org\/{rel}","templated":true}]}}